{"id":19853,"date":"2017-09-03T22:38:55","date_gmt":"2017-09-03T20:38:55","guid":{"rendered":"https:\/\/new.bikerentalbarcelona.com\/?page_id=19853"},"modified":"2025-07-09T10:14:18","modified_gmt":"2025-07-09T08:14:18","slug":"home-fr","status":"publish","type":"page","link":"https:\/\/bikerentalbarcelona.com\/fr\/","title":{"rendered":"Home"},"content":{"rendered":"<div class=\"vgblk-rw-wrapper limit-wrapper\">\n<h1>\n\tPourquoi louer un v\u00e9lo avec Bike Rental Barcelona?\n\t<\/h1>\n<h4>\n\tLarge choix de v\u00e9los pour chaque occasion.\n\t<\/h4>\n<h4>\n\tVisites guid\u00e9es \u00e0 la carte en plusieurs langues.\n\t<\/h4>\n<h4>\n\tV\u00e9los et \u00e9quipements alliant s\u00e9curit\u00e9 et tr\u00e8s bonne qualit\u00e9.\n\t<\/h4>\n\t\t\t\t\t\t\t<img decoding=\"async\" src=\"https:\/\/bikerentalbarcelona.com\/wp-content\/uploads\/2018\/08\/illustration-bike-woman.svg\" alt=\"\" itemprop=\"image\" onerror=\"this.style.display='none'\"  \/>\n<h4>\n\tAgence situ\u00e9 en plein centre de Barcelone.\n\t<\/h4>\n<h4>\n\tLivraison et retrait au lieu de votre choix.\n\t<\/h4>\n<h4>\n\tService de bagagerie suppl\u00e9mentaire mis \u00e0 votre disposition.\n\t<\/h4>\n\t\t\t\t\t\t\t<img decoding=\"async\" src=\"https:\/\/bikerentalbarcelona.com\/wp-content\/uploads\/2018\/08\/Quote-element.svg\" alt=\"\" itemprop=\"image\" onerror=\"this.style.display='none'\"  \/>\n<ul id=\"G5hQgXQO46g\">\n<li id=\"O7RayH\">\n<a target=\"_blank\" href=\"https:\/\/www.tripadvisor.com\/\" rel=\"noopener\"><img decoding=\"async\" src=\"https:\/\/www.tripadvisor.com\/img\/cdsi\/img2\/branding\/tripadvisor_logo_transp_340x80-18034-2.png\" alt=\"TripAdvisor\"\/><\/a>\n<\/li>\n<\/ul>\n<!--\n<a target=\"_blank\" href=\"https:\/\/www.tripadvisor.com\/\" rel=\"noopener\"><img decoding=\"async\" src=\"https:\/\/www.tripadvisor.com\/img\/cdsi\/img2\/branding\/tripadvisor_logo_transp_340x80-18034-2.png\" alt=\"TripAdvisor\" width=\"115\"\/><\/a>\n-->\n<h2>\n\tV\u00e9los\n\t<\/h2>\n\t\t\t\t\t\t\t<img decoding=\"async\" src=\"https:\/\/bikerentalbarcelona.com\/wp-content\/uploads\/2020\/02\/Boulevard-Touch-Classic-City-Bike1.png\" alt=\"\" itemprop=\"image\" onerror=\"this.style.display='none'\"  \/>\n<h4>\n\tBoulevard Touch Classic\n\t<\/h4>\n\t3 Heures<br \/>\n4-10 Heures<br \/>\n24 Heures<br \/>\nJour extra<br \/>\n1 Semaine\n\t10\u20ac<br \/>\n15\u20ac<br \/>\n18\u20ac<br \/>\n10\u20ac<br \/>\n60\u20ac\n\t<a href=\"https:\/\/bikerentalbarcelona.com\/fr\/?page_id=19885\" target=\"_self\" role=\"button\" rel=\"noopener\">\n\t\t\t\t\tR\u00e9server \u2192\n\t<\/a>\n\t\t\t\t\t\t\t<img decoding=\"async\" src=\"https:\/\/bikerentalbarcelona.com\/wp-content\/uploads\/2020\/02\/Be-Coool-City-Bike.png\" alt=\"\" itemprop=\"image\" onerror=\"this.style.display='none'\"  \/>\n<h4>\n\tBe Coool v\u00e9lo de ville\n\t<\/h4>\n\t3 Heures<br \/>\n4-10 Heures<br \/>\n24 Heures<br \/>\nJour extra<br \/>\n1 Semaine\n\t8\u20ac<br \/>\n12\u20ac<br \/>\n16\u20ac<br \/>\n8\u20ac<br \/>\n50\u20ac\n\t<a href=\"https:\/\/bikerentalbarcelona.com\/fr\/?page_id=19885\" target=\"_self\" role=\"button\" rel=\"noopener\">\n\t\t\t\t\tR\u00e9server \u2192\n\t<\/a>\n\t\t\t\t\t\t\t<img decoding=\"async\" src=\"https:\/\/bikerentalbarcelona.com\/wp-content\/uploads\/2020\/10\/83723172-b552-47e8-b54f-bb8e145d2666-e1603099035824.jpg\" alt=\"\" itemprop=\"image\" onerror=\"this.style.display='none'\"  \/>\n<h4>\n\tV\u00e9lo \u00e9lectrique\n\t<\/h4>\n\t3 Heures<br \/>\n4-10 Heures<br \/>\n24 Heures<br \/>\nJour extra<br \/>\n1 Semaine\n\t25\u20ac<br \/>\n35\u20ac<br \/>\n40\u20ac<br \/>\n30\u20ac<br \/>\n150\u20ac\n\t<a href=\"https:\/\/bikerentalbarcelona.com\/fr\/?page_id=19885\" target=\"_self\" role=\"button\" rel=\"noopener\">\n\t\t\t\t\tR\u00e9server\u2192\n\t<\/a>\n\t\t\t\t\t\t\t<img decoding=\"async\" src=\"https:\/\/bikerentalbarcelona.com\/wp-content\/uploads\/2020\/11\/e-scooter.jpg\" alt=\"\" itemprop=\"image\" onerror=\"this.style.display='none'\"  \/>\n<h4>\n\tTrottinette \u00c9lectrique\n\t<\/h4>\n\t1 Heure<br \/>\n2 Heures<br \/>\n3 Heures<br \/>\n4-8 Heures<br \/>\nJour Extra\n\t15\u20ac<br \/>\n25\u20ac<br \/>\n30\u20ac<br \/>\n35\u20ac<br \/>\n30\u20ac\n\t<a href=\"https:\/\/bikerentalbarcelona.com\/fr\/?page_id=19885\" target=\"_self\" role=\"button\" rel=\"noopener\">\n\t\t\t\t\tR\u00e9server \u2192\n\t<\/a>\n\t\t\t\t\t\t\t<img decoding=\"async\" src=\"https:\/\/bikerentalbarcelona.com\/wp-content\/uploads\/2019\/11\/Specialized-Secteur-Compact-Bike.png\" alt=\"\" itemprop=\"image\" onerror=\"this.style.display='none'\"  \/>\n<h4>\n\tSpecialized Secteur Compact\n\t<\/h4>\n\t3 Heures<br \/>\n4-10 Heures<br \/>\n24 Heures<br \/>\nJour extra<br \/>\n1 Semaine\n\t30\u20ac<br \/>\n40\u20ac<br \/>\n50\u20ac<br \/>\n30\u20ac<br \/>\n150\u20ac\n\t<a href=\"https:\/\/bikerentalbarcelona.com\/fr\/?page_id=19885\" target=\"_self\" role=\"button\" rel=\"noopener\">\n\t\t\t\t\tR\u00e9server \u2192\n\t<\/a>\n\t\t\t\t\t\t\t<img decoding=\"async\" src=\"https:\/\/bikerentalbarcelona.com\/wp-content\/uploads\/2019\/11\/Specialized-Rockhopper-Sport-Bike.png\" alt=\"\" itemprop=\"image\" onerror=\"this.style.display='none'\"  \/>\n<h4>\n\tSpecialized Pitch\n\t<\/h4>\n\t3 Heures<br \/>\n4-10 Heures<br \/>\n24 Heures<br \/>\nJour extra<br \/>\n1 Semaine\n\t25\u20ac<br \/>\n35\u20ac<br \/>\n40\u20ac<br \/>\n30\u20ac<br \/>\n140\u20ac\n\t<a href=\"https:\/\/bikerentalbarcelona.com\/fr\/?page_id=19885\" target=\"_self\" role=\"button\" rel=\"noopener\">\n\t\t\t\t\tR\u00e9server \u2192\n\t<\/a>\n\t\t\t\t\t\t\t<img decoding=\"async\" src=\"https:\/\/bikerentalbarcelona.com\/wp-content\/uploads\/2019\/11\/Origin8-Urban-Cycle-Bike.png\" alt=\"\" itemprop=\"image\" onerror=\"this.style.display='none'\"  \/>\n<h4>\n\tV\u00e9lo urbain Origin8\n\t<\/h4>\n\t3 Heures<br \/>\n4-10 Heures<br \/>\n24 Heures<br \/>\nJour extra<br \/>\n1 Semaine\n\t12\u20ac<br \/>\n16\u20ac<br \/>\n20\u20ac<br \/>\n12\u20ac<br \/>\n70\u20ac\n\t<a href=\"https:\/\/bikerentalbarcelona.com\/fr\/?page_id=19885\" target=\"_self\" role=\"button\" rel=\"noopener\">\n\t\t\t\t\tR\u00e9server\u2192\n\t<\/a>\n\t\t\t\t\t\t\t<img decoding=\"async\" src=\"https:\/\/bikerentalbarcelona.com\/wp-content\/uploads\/2019\/11\/Dahon-Vitesse-D7-Folding-Bike.png\" alt=\"\" itemprop=\"image\" onerror=\"this.style.display='none'\"  \/>\n<h4>\n\tV\u00e9los pliants\n\t<\/h4>\n\t3 Heures<br \/>\n4-10 Heures<br \/>\n24 Heures<br \/>\nJour extra<br \/>\n1 Semaine\n\t12\u20ac<br \/>\n16\u20ac<br \/>\n20\u20ac<br \/>\n12\u20ac<br \/>\n70\u20ac\n\t<a href=\"https:\/\/bikerentalbarcelona.com\/fr\/?page_id=19885\" target=\"_self\" role=\"button\" rel=\"noopener\">\n\t\t\t\t\tR\u00e9server \u2192\n\t<\/a>\n\t<a href=\"https:\/\/bikerentalbarcelona.com\/fr\/prix-de-location-des-velos\/\" target=\"_self\" role=\"button\" rel=\"noopener\">\n\t\t\t\t\tVoir tous les v\u00e9los\n\t<\/a>\n<h4>\n\tInclus dans la location: \n\t<\/h4>\n\t<p><a href=\"https:\/\/bikerentalbarcelona.com\/fr\/prix-de-location-des-velos\/#accessoires\">Accessoires \u00e0 louer \u2192<\/a><\/p>\n<h2>\n\tVisites guid\u00e9es \u00e0 v\u00e9lo!\n\t<\/h2>\n\t<p>Tous nos circuits offrent d&rsquo;excellentes possibilit\u00e9s de visiter la ville.<\/p>\n\t<a href=\"https:\/\/bikerentalbarcelona.com\/fr\/tours-guidees\/\" target=\"_self\" role=\"button\" rel=\"noopener\">\n\t\t\t\t\tVoir les visites\n\t<\/a>\n\t\t\t\t\t\t\t<img decoding=\"async\" src=\"https:\/\/bikerentalbarcelona.com\/wp-content\/uploads\/2018\/08\/illustration-bike-man-1.svg\" alt=\"\" itemprop=\"image\" onerror=\"this.style.display='none'\"  \/>\n\t\t\t\t<a href=\"\/classes\/climb-to-the-highest-peak\/\" target=\"_self\" itemprop=\"url\" title=\"\" rel=\"noopener\">\n\t\t\t\t\t\t\t<img decoding=\"async\" src=\"https:\/\/bikerentalbarcelona.com\/wp-content\/uploads\/2018\/08\/illustration-bike-man-2.svg\" alt=\"\" itemprop=\"image\" data-link-type=\"url\" onerror=\"this.style.display='none'\"  \/>\n\t\t\t\t\t\t<\/a>\n\t\t\t\t<a href=\"\/classes\/art-tour-in-historic-center\/\" target=\"_self\" itemprop=\"url\" title=\"\" rel=\"noopener\">\n\t\t\t\t\t\t\t<img decoding=\"async\" src=\"https:\/\/bikerentalbarcelona.com\/wp-content\/uploads\/2018\/08\/illustration-bike-woman-2.svg\" alt=\"\" itemprop=\"image\" data-link-type=\"url\" onerror=\"this.style.display='none'\"  \/>\n\t\t\t\t\t\t<\/a>\n\t\t\t\t<a href=\"\/classes\/adventure-in-mauntians\/\" target=\"_self\" itemprop=\"url\" title=\"\" rel=\"noopener\">\n\t\t\t\t\t\t\t<img decoding=\"async\" src=\"https:\/\/bikerentalbarcelona.com\/wp-content\/uploads\/2018\/08\/illustration-bike-man-3.svg\" alt=\"\" itemprop=\"image\" data-link-type=\"url\" onerror=\"this.style.display='none'\"  \/>\n\t\t\t\t\t\t<\/a>\n\t\t\t\t<a href=\"\/classes\/family-friendly-tours\/\" target=\"_self\" itemprop=\"url\" title=\"\" rel=\"noopener\">\n\t\t\t\t\t\t\t<img decoding=\"async\" src=\"https:\/\/bikerentalbarcelona.com\/wp-content\/uploads\/2018\/08\/illustration-bike-woman-2.svg\" alt=\"\" itemprop=\"image\" data-link-type=\"url\" onerror=\"this.style.display='none'\"  \/>\n\t\t\t\t\t\t<\/a>\n<h2>\n\tVisites en vedette\n\t<\/h2>\n\t<p>Promenade sur la plage, patrimoine de Gaud\u00ed, ancien centre-ville en compagnie de nos guides qui sauront s&rsquo;adapter \u00e0 votre langue natale. Nous adaptons nos circuits en fonction de ce que vous voulez voir et du temps que vous souhaitez y consacrer, l&rsquo;id\u00e9e est de passer ensemble un moment agr\u00e9able tout en visitant la ville. Le circuit peut inclure un ou deux arr\u00eats tapas et r\u00e9unir ainsi sant\u00e9, culture et gastronomie !<\/p>\n\t<a href=\"https:\/\/bikerentalbarcelona.com\/fr\/tours-guidees\/\" target=\"_self\" role=\"button\" rel=\"noopener\">\n\t\t\t\t\tVoir toutes les visites\n\t<\/a>\n\t\t\t\t\t\t\t<img decoding=\"async\" src=\"https:\/\/bikerentalbarcelona.com\/wp-content\/uploads\/2019\/11\/shout-left.png\" alt=\"\" itemprop=\"image\" onerror=\"this.style.display='none'\"  \/>\n<h3>\n\tOffre de v\u00e9los d&rsquo;occasion\n\t<\/h3>\n\t<a href=\"https:\/\/bikerentalbarcelona.com\/fr\/velos-doccasion\/\" target=\"_self\" role=\"button\" rel=\"noopener\">\n\t\t\t\t\tEn voir plus\n\t<\/a>\n\t\t\t\t\t\t\t<img decoding=\"async\" src=\"https:\/\/bikerentalbarcelona.com\/wp-content\/uploads\/2019\/11\/shout-right.png\" alt=\"\" itemprop=\"image\" onerror=\"this.style.display='none'\"  \/>\n\t\t\t\t\t\t\t<img decoding=\"async\" src=\"https:\/\/bikerentalbarcelona.com\/wp-content\/uploads\/2019\/11\/shout.png\" alt=\"\" itemprop=\"image\" onerror=\"this.style.display='none'\"  \/>\n<h3>\n\tVoyez ce que vous pouvez faire \u00e0 Barcelone avec nos v\u00e9los\n\t<\/h3>\n\t\t<iframe src=\"https:\/\/maps.google.com\/maps?q=carrer+Montserrat%2C+8%2C+Barcelona&#038;iwloc=near&#038;output=embed\" height=\"400\" frameborder=\"0\"><\/iframe>\n\n<\/div><!-- .vgblk-rw-wrapper -->","protected":false},"excerpt":{"rendered":"<p>Pourquoi louer un v\u00e9lo avec Bike Rental Barcelona? Large choix de v\u00e9los pour chaque occasion. Visites guid\u00e9es \u00e0 la carte en plusieurs langues. V\u00e9los et \u00e9quipements alliant s\u00e9curit\u00e9 et tr\u00e8s bonne qualit\u00e9. Agence situ\u00e9 en plein centre de Barcelone. Livraison et retrait au lieu de votre choix. Service de bagagerie suppl\u00e9mentaire mis \u00e0 votre disposition&#8230;.<\/p>\n","protected":false},"author":2,"featured_media":0,"parent":0,"menu_order":0,"comment_status":"closed","ping_status":"closed","template":"","meta":{"footnotes":""},"class_list":["post-19853","page","type-page","status-publish","hentry"],"_links":{"self":[{"href":"https:\/\/bikerentalbarcelona.com\/fr\/wp-json\/wp\/v2\/pages\/19853","targetHints":{"allow":["GET"]}}],"collection":[{"href":"https:\/\/bikerentalbarcelona.com\/fr\/wp-json\/wp\/v2\/pages"}],"about":[{"href":"https:\/\/bikerentalbarcelona.com\/fr\/wp-json\/wp\/v2\/types\/page"}],"author":[{"embeddable":true,"href":"https:\/\/bikerentalbarcelona.com\/fr\/wp-json\/wp\/v2\/users\/2"}],"replies":[{"embeddable":true,"href":"https:\/\/bikerentalbarcelona.com\/fr\/wp-json\/wp\/v2\/comments?post=19853"}],"version-history":[{"count":0,"href":"https:\/\/bikerentalbarcelona.com\/fr\/wp-json\/wp\/v2\/pages\/19853\/revisions"}],"wp:attachment":[{"href":"https:\/\/bikerentalbarcelona.com\/fr\/wp-json\/wp\/v2\/media?parent=19853"}],"curies":[{"name":"wp","href":"https:\/\/api.w.org\/{rel}","templated":true}]}}